{"id":103149,"date":"2025-07-23T21:58:30","date_gmt":"2025-07-23T21:58:30","guid":{"rendered":"https:\/\/jvvziin.com\/?page_id=103149"},"modified":"2025-07-23T21:58:30","modified_gmt":"2025-07-23T21:58:30","slug":"banners-mailings-gtd","status":"publish","type":"page","link":"https:\/\/jvvziin.com\/index.php\/banners-mailings-gtd\/","title":{"rendered":"Banners y Mailings Gtd"},"content":{"rendered":"<p>[et_pb_section fb_built=&#8221;1&#8243; fullwidth=&#8221;on&#8221; admin_label=&#8221;Header&#8221; _builder_version=&#8221;4.27.4&#8243; use_background_color_gradient=&#8221;on&#8221; background_color_gradient_direction=&#8221;163deg&#8221; background_color_gradient_stops=&#8221;rgba(0,0,0,0.02) 50%|#ffffff 50%&#8221; background_color_gradient_start=&#8221;rgba(0,0,0,0.02)&#8221; background_color_gradient_start_position=&#8221;50%&#8221; background_color_gradient_end=&#8221;#ffffff&#8221; background_color_gradient_end_position=&#8221;0%&#8221; background_image=&#8221;https:\/\/jvvziin.com\/wp-content\/uploads\/2021\/11\/web-dev-06.png&#8221; parallax=&#8221;on&#8221; animation_style=&#8221;fade&#8221; locked=&#8221;off&#8221; global_colors_info=&#8221;{}&#8221;][et_pb_fullwidth_header title=&#8221;Banners y Mailings&#8221; button_one_text=&#8221;Volver al portafolio Gtd&#8221; button_one_url=&#8221;https:\/\/jvvziin.com\/index.php\/portafolio_gtd_2025\/&#8221; button_two_text=&#8221;Mailings&#8221; button_two_url=&#8221;#mailings&#8221; content_max_width=&#8221;640px&#8221; module_id=&#8221;arriba&#8221; _builder_version=&#8221;4.27.4&#8243; title_font=&#8221;Lato|900|||||||&#8221; title_font_size=&#8221;40px&#8221; title_line_height=&#8221;1.5em&#8221; content_font=&#8221;||||||||&#8221; content_font_size=&#8221;16px&#8221; content_line_height=&#8221;2em&#8221; background_color=&#8221;rgba(126,190,197,0)&#8221; custom_button_one=&#8221;on&#8221; button_one_text_size=&#8221;14px&#8221; button_one_text_color=&#8221;#ffffff&#8221; button_one_bg_color=&#8221;#8a2472&#8243; button_one_border_width=&#8221;14px&#8221; button_one_border_color=&#8221;rgba(0,0,0,0)&#8221; button_one_border_radius=&#8221;0px&#8221; button_one_letter_spacing=&#8221;2px&#8221; button_one_font=&#8221;|600||on|||||&#8221; button_one_icon=&#8221;&#x38;||divi||400&#8243; button_one_on_hover=&#8221;off&#8221; custom_button_two=&#8221;on&#8221; button_two_text_size=&#8221;14px&#8221; button_two_text_color=&#8221;#8a2472&#8243; button_two_bg_color=&#8221;rgba(255,255,255,0)&#8221; button_two_border_width=&#8221;12px&#8221; button_two_border_color=&#8221;rgba(0,0,0,0)&#8221; button_two_border_radius=&#8221;0px&#8221; button_two_letter_spacing=&#8221;2px&#8221; button_two_font=&#8221;|600||on|||||&#8221; button_two_icon=&#8221;&#x37;||divi||400&#8243; button_two_on_hover=&#8221;off&#8221; background_layout=&#8221;light&#8221; custom_margin=&#8221;|||&#8221; custom_padding=&#8221;5vw||5vw||true|&#8221; animation_style=&#8221;zoom&#8221; animation_intensity_zoom=&#8221;-5%&#8221; title_font_size_tablet=&#8221;&#8221; title_font_size_phone=&#8221;25px&#8221; title_font_size_last_edited=&#8221;on|desktop&#8221; box_shadow_style_button_two=&#8221;preset1&#8243; box_shadow_vertical_button_two=&#8221;0px&#8221; box_shadow_blur_button_two=&#8221;0px&#8221; box_shadow_spread_button_two=&#8221;2px&#8221; box_shadow_color_button_two=&#8221;#8a2472&#8243; button_one_letter_spacing_hover=&#8221;2px&#8221; button_two_letter_spacing_hover=&#8221;2px&#8221; global_colors_info=&#8221;{}&#8221; button_one_text_size__hover_enabled=&#8221;off&#8221; button_two_text_size__hover_enabled=&#8221;off&#8221; button_one_text_color__hover_enabled=&#8221;off&#8221; button_two_text_color__hover_enabled=&#8221;off&#8221; button_one_border_width__hover_enabled=&#8221;off&#8221; button_two_border_width__hover_enabled=&#8221;off&#8221; button_one_border_color__hover_enabled=&#8221;off&#8221; button_two_border_color__hover_enabled=&#8221;off&#8221; button_one_border_radius__hover_enabled=&#8221;off&#8221; button_two_border_radius__hover_enabled=&#8221;off&#8221; button_one_letter_spacing__hover_enabled=&#8221;on&#8221; button_one_letter_spacing__hover=&#8221;2px&#8221; button_two_letter_spacing__hover_enabled=&#8221;on&#8221; button_two_letter_spacing__hover=&#8221;2px&#8221; button_one_bg_color__hover_enabled=&#8221;off&#8221; button_two_bg_color__hover_enabled=&#8221;off&#8221;]<\/p>\n<p>Aqu\u00ed se encuentra una peque\u00f1isima parte de los banners y mailings que realis\u00e9 para para Gtd, la idea es que estos funcionen como ejemplo de mi trabajo y no como una muestra total de lo que hice.<\/p>\n<p>&nbsp;<\/p>\n<p>[\/et_pb_fullwidth_header][\/et_pb_section][et_pb_section fb_built=&#8221;1&#8243; admin_label=&#8221;Contact&#8221; _builder_version=&#8221;4.16&#8243; custom_padding=&#8221;||45px|||&#8221; global_colors_info=&#8221;{}&#8221;][et_pb_row column_structure=&#8221;1_2,1_2&#8243; _builder_version=&#8221;4.16&#8243; custom_padding=&#8221;||1px|||&#8221; global_colors_info=&#8221;{}&#8221;][et_pb_column type=&#8221;1_2&#8243; _builder_version=&#8221;4.16&#8243; custom_padding=&#8221;|||&#8221; global_colors_info=&#8221;{}&#8221; custom_padding__hover=&#8221;|||&#8221;][et_pb_text _builder_version=&#8221;4.27.4&#8243; text_font=&#8221;||||||||&#8221; header_font=&#8221;||||||||&#8221; header_2_font=&#8221;|600||on|||||&#8221; header_2_text_color=&#8221;#8a2472&#8243; header_2_font_size=&#8221;16px&#8221; header_2_letter_spacing=&#8221;3px&#8221; header_2_line_height=&#8221;1.8em&#8221; header_3_font=&#8221;||||||||&#8221; global_colors_info=&#8221;{}&#8221;]<\/p>\n<h2>banners<\/h2>\n<p>En su totalidad poseo m\u00e1s de 100 banners creados a lo largo de estos a\u00f1os, aqu\u00ed muestro en su mayoria el <strong>formato para tablet<\/strong> <em>(1000 x 768 px)<\/em> con alguna que otra excepci\u00f3n. (Escog\u00ed este formato porque es m\u00e1s f\u00e1cil de mostrar) Hay otros formatos que tambi\u00e9n utilic\u00e9 durante ese tiempo, para escritorio por ejemplo<em> (1920 x 380 px)<\/em> y para movil <em>(430 x 400 px)<\/em>. Cada banner posee al menos dos iteraciones correspondiendo a la plataforma.<\/p>\n<p>[\/et_pb_text][\/et_pb_column][et_pb_column type=&#8221;1_2&#8243; _builder_version=&#8221;4.16&#8243; custom_padding=&#8221;|||&#8221; global_colors_info=&#8221;{}&#8221; custom_padding__hover=&#8221;|||&#8221;][dipl_floating_image floating_container_height=&#8221;205px&#8221; _builder_version=&#8221;4.27.4&#8243; _module_preset=&#8221;default&#8221; global_colors_info=&#8221;{}&#8221;][dipl_floating_image_item image=&#8221;https:\/\/jvvziin.com\/wp-content\/uploads\/2025\/07\/compilados_banners.png&#8221; floatingimage_effect=&#8221;left-right&#8221; floatingimage_duration=&#8221;5060ms&#8221; _builder_version=&#8221;4.27.4&#8243; _module_preset=&#8221;default&#8221; custom_margin=&#8221;|||100px|false|false&#8221; global_colors_info=&#8221;{}&#8221;][\/dipl_floating_image_item][\/dipl_floating_image][\/et_pb_column][\/et_pb_row][et_pb_row _builder_version=&#8221;4.27.4&#8243; _module_preset=&#8221;default&#8221; global_colors_info=&#8221;{}&#8221;][et_pb_column type=&#8221;4_4&#8243; _builder_version=&#8221;4.27.4&#8243; _module_preset=&#8221;default&#8221; global_colors_info=&#8221;{}&#8221;][dipl_masonry_gallery image_ids=&#8221;103201,103202,103203&#8243; number_of_columns=&#8221;1&#8243; _builder_version=&#8221;4.27.4&#8243; _module_preset=&#8221;default&#8221; global_colors_info=&#8221;{}&#8221;][\/dipl_masonry_gallery][\/et_pb_column][\/et_pb_row][et_pb_row _builder_version=&#8221;4.27.4&#8243; _module_preset=&#8221;default&#8221; global_colors_info=&#8221;{}&#8221;][et_pb_column type=&#8221;4_4&#8243; _builder_version=&#8221;4.27.4&#8243; _module_preset=&#8221;default&#8221; global_colors_info=&#8221;{}&#8221;][dipl_masonry_gallery image_ids=&#8221;103152,103155,103158,103160,103161,103163,103162,103164,103165,103166,103167,103168,103169,103170&#8243; number_of_columns=&#8221;3&#8243; _builder_version=&#8221;4.27.4&#8243; _module_preset=&#8221;default&#8221; global_colors_info=&#8221;{}&#8221;][\/dipl_masonry_gallery][\/et_pb_column][\/et_pb_row][\/et_pb_section][et_pb_section fb_built=&#8221;1&#8243; admin_label=&#8221;FAQ&#8221; _builder_version=&#8221;4.16&#8243; custom_padding=&#8221;45px|||||&#8221; global_colors_info=&#8221;{}&#8221;][et_pb_row column_structure=&#8221;1_2,1_2&#8243; module_id=&#8221;mailings&#8221; _builder_version=&#8221;4.27.4&#8243; _module_preset=&#8221;default&#8221; global_colors_info=&#8221;{}&#8221;][et_pb_column type=&#8221;1_2&#8243; _builder_version=&#8221;4.27.4&#8243; _module_preset=&#8221;default&#8221; global_colors_info=&#8221;{}&#8221;][et_pb_text _builder_version=&#8221;4.27.4&#8243; text_font=&#8221;||||||||&#8221; header_font=&#8221;||||||||&#8221; header_2_font=&#8221;|600||on|||||&#8221; header_2_text_color=&#8221;#8a2472&#8243; header_2_font_size=&#8221;16px&#8221; header_2_letter_spacing=&#8221;3px&#8221; header_2_line_height=&#8221;1.8em&#8221; header_3_font=&#8221;||||||||&#8221; global_colors_info=&#8221;{}&#8221;]<\/p>\n<h2>Mailings<\/h2>\n<p><strong>Trat\u00e9 de selecionar diferentes tipo de mailings de forma de abarcar c\u00f3digos htmls distintos para cada oportunidad.<\/strong><\/p>\n<p><span style=\"color: #adadad;\">(pasando el cursor sobre cada fotografia habr\u00e1 un link que te permitir\u00e1 descargar un archivo zip. Aqu\u00ed se encuntran el html interactivo de cada mailing. Solo basta con abrir la carpeta y hacer doble click en html para visualizar.)<\/span><\/p>\n<p>[\/et_pb_text][\/et_pb_column][et_pb_column type=&#8221;1_2&#8243; _builder_version=&#8221;4.27.4&#8243; _module_preset=&#8221;default&#8221; global_colors_info=&#8221;{}&#8221;][dipl_floating_image floating_container_height=&#8221;272px&#8221; _builder_version=&#8221;4.27.4&#8243; _module_preset=&#8221;default&#8221; module_alignment=&#8221;left&#8221; custom_margin=&#8221;|||140px|false|false&#8221; global_colors_info=&#8221;{}&#8221;][dipl_floating_image_item image=&#8221;https:\/\/jvvziin.com\/wp-content\/uploads\/2025\/07\/html1.png&#8221; floatingimage_effect=&#8221;left-right&#8221; floatingimage_duration=&#8221;5015ms&#8221; horizontal_align=&#8221;14%&#8221; vertical_align=&#8221;-13%&#8221; _builder_version=&#8221;4.27.4&#8243; _module_preset=&#8221;default&#8221; global_colors_info=&#8221;{}&#8221;][\/dipl_floating_image_item][\/dipl_floating_image][\/et_pb_column][\/et_pb_row][et_pb_row column_structure=&#8221;1_3,1_3,1_3&#8243; _builder_version=&#8221;4.27.4&#8243; _module_preset=&#8221;default&#8221; custom_margin=&#8221;-2px|auto||auto||&#8221; global_colors_info=&#8221;{}&#8221;][et_pb_column type=&#8221;1_3&#8243; _builder_version=&#8221;4.27.4&#8243; _module_preset=&#8221;default&#8221; global_colors_info=&#8221;{}&#8221;][dizo_image_hover image=&#8221;https:\/\/jvvziin.com\/wp-content\/uploads\/2025\/07\/ms3.png&#8221; image_alt=&#8221;Mail Data Center Para Mayoristas Gtd&#8221; effect_style=&#8221;modern&#8221; modern_style=&#8221;mdn-meryl&#8221; t_prefix=&#8221;Mail Data Center Para Mayoristas Gtd&#8221; button_text=&#8221;Descargar HTML&#8221; button_url=&#8221;https:\/\/jvvziin.com\/wp-content\/uploads\/2025\/07\/mail-mayoristas_f.zip&#8221; button_url_new_window=&#8221;on&#8221; title_background_bgcolor=&#8221;#8a2472&#8243; title_background_use_gradient=&#8221;on&#8221; title_background_color_gradient_1=&#8221;#8a2472&#8243; title_background_color_gradient_2=&#8221;#2e3359&#8243; module_link_url_new_window=&#8221;1&#8243; _builder_version=&#8221;4.27.4&#8243; _module_preset=&#8221;default&#8221; title_font=&#8221;||||||||&#8221; title_text_align=&#8221;center&#8221; custom_button=&#8221;on&#8221; button_text_size=&#8221;14px&#8221; button_text_color=&#8221;#8a2472&#8243; button_bg_color=&#8221;#fddb00&#8243; button_border_width=&#8221;0px&#8221; button_border_radius=&#8221;3px&#8221; button_font=&#8221;|&#8211;et_global_body_font_weight|||||||&#8221; button_use_icon=&#8221;off&#8221; global_colors_info=&#8221;{}&#8221;][\/dizo_image_hover][\/et_pb_column][et_pb_column type=&#8221;1_3&#8243; _builder_version=&#8221;4.27.4&#8243; _module_preset=&#8221;default&#8221; global_colors_info=&#8221;{}&#8221;][dizo_image_hover image=&#8221;https:\/\/jvvziin.com\/wp-content\/uploads\/2025\/07\/ms2.png&#8221; effect_style=&#8221;modern&#8221; modern_style=&#8221;mdn-meryl&#8221; t_prefix=&#8221;Mail Seguridad biometrica para Resindencial Gtd&#8221; button_text=&#8221;Descargar HTML&#8221; button_url=&#8221;https:\/\/jvvziin.com\/wp-content\/uploads\/2025\/07\/mail-biometria-residencial.zip&#8221; button_url_new_window=&#8221;on&#8221; title_background_bgcolor=&#8221;#8a2472&#8243; title_background_use_gradient=&#8221;on&#8221; title_background_color_gradient_1=&#8221;#8a2472&#8243; title_background_color_gradient_2=&#8221;#2e3359&#8243; module_link_url_new_window=&#8221;1&#8243; _builder_version=&#8221;4.27.4&#8243; _module_preset=&#8221;default&#8221; title_font=&#8221;||||||||&#8221; title_text_align=&#8221;center&#8221; custom_button=&#8221;on&#8221; button_text_size=&#8221;14px&#8221; button_text_color=&#8221;#8a2472&#8243; button_bg_color=&#8221;#fddb00&#8243; button_border_width=&#8221;0px&#8221; button_border_radius=&#8221;3px&#8221; button_font=&#8221;|&#8211;et_global_body_font_weight|||||||&#8221; button_use_icon=&#8221;off&#8221; global_colors_info=&#8221;{}&#8221;][\/dizo_image_hover][\/et_pb_column][et_pb_column type=&#8221;1_3&#8243; _builder_version=&#8221;4.27.4&#8243; _module_preset=&#8221;default&#8221; global_colors_info=&#8221;{}&#8221;][dizo_image_hover image=&#8221;https:\/\/jvvziin.com\/wp-content\/uploads\/2025\/07\/ms1.png&#8221; effect_style=&#8221;modern&#8221; modern_style=&#8221;mdn-meryl&#8221; t_prefix=&#8221;Mail Promoci\u00f3n Data Center Lur\u00edn, Per\u00fa&#8221; button_text=&#8221;Descargar HTML&#8221; button_url=&#8221;https:\/\/jvvziin.com\/wp-content\/uploads\/2025\/07\/mail_lurin_GTDperu.zip&#8221; button_url_new_window=&#8221;on&#8221; title_background_bgcolor=&#8221;#8a2472&#8243; title_background_use_gradient=&#8221;on&#8221; title_background_color_gradient_1=&#8221;#8a2472&#8243; title_background_color_gradient_2=&#8221;#2e3359&#8243; module_link_url_new_window=&#8221;1&#8243; _builder_version=&#8221;4.27.4&#8243; _module_preset=&#8221;default&#8221; title_font=&#8221;||||||||&#8221; title_text_align=&#8221;center&#8221; custom_button=&#8221;on&#8221; button_text_size=&#8221;14px&#8221; button_text_color=&#8221;#8a2472&#8243; button_bg_color=&#8221;#fddb00&#8243; button_border_width=&#8221;0px&#8221; button_border_radius=&#8221;3px&#8221; button_font=&#8221;|&#8211;et_global_body_font_weight|||||||&#8221; button_use_icon=&#8221;off&#8221; global_colors_info=&#8221;{}&#8221;][\/dizo_image_hover][\/et_pb_column][\/et_pb_row][et_pb_row column_structure=&#8221;1_3,1_3,1_3&#8243; _builder_version=&#8221;4.27.4&#8243; _module_preset=&#8221;default&#8221; global_colors_info=&#8221;{}&#8221;][et_pb_column type=&#8221;1_3&#8243; _builder_version=&#8221;4.27.4&#8243; _module_preset=&#8221;default&#8221; global_colors_info=&#8221;{}&#8221;][dizo_image_hover image=&#8221;https:\/\/jvvziin.com\/wp-content\/uploads\/2025\/07\/Screenshot_12.png&#8221; effect_style=&#8221;modern&#8221; modern_style=&#8221;mdn-meryl&#8221; t_prefix=&#8221;Mail Colombia Informe Mantenimiento&#8221; button_text=&#8221;Descargar HTML&#8221; button_url=&#8221;https:\/\/jvvziin.com\/wp-content\/uploads\/2025\/07\/mail_ventana_de_mantenimiento.zip&#8221; button_url_new_window=&#8221;1&#8243; title_background_bgcolor=&#8221;#8a2472&#8243; title_background_use_gradient=&#8221;on&#8221; title_background_color_gradient_1=&#8221;#8a2472&#8243; title_background_color_gradient_2=&#8221;#2e3359&#8243; module_link_url_new_window=&#8221;1&#8243; _builder_version=&#8221;4.27.4&#8243; _module_preset=&#8221;default&#8221; title_font=&#8221;||||||||&#8221; title_text_align=&#8221;center&#8221; custom_button=&#8221;on&#8221; button_text_size=&#8221;14px&#8221; button_text_color=&#8221;#8a2472&#8243; button_bg_color=&#8221;#fddb00&#8243; button_border_width=&#8221;0px&#8221; button_border_radius=&#8221;3px&#8221; button_font=&#8221;|&#8211;et_global_body_font_weight|||||||&#8221; button_use_icon=&#8221;off&#8221; global_colors_info=&#8221;{}&#8221;][\/dizo_image_hover][\/et_pb_column][et_pb_column type=&#8221;1_3&#8243; _builder_version=&#8221;4.27.4&#8243; _module_preset=&#8221;default&#8221; global_colors_info=&#8221;{}&#8221;][dizo_image_hover image=&#8221;https:\/\/jvvziin.com\/wp-content\/uploads\/2025\/07\/Opera-Snapshot_2025-07-22_180127_mail.html.png&#8221; effect_style=&#8221;classic&#8221; classic_style=&#8221;dzhvr-fade-in-down&#8221; t_prefix=&#8221;Mail Colombia Informe Avance Tiquete&#8221; button_text=&#8221;Descargar HTML&#8221; button_url=&#8221;https:\/\/jvvziin.com\/wp-content\/uploads\/2025\/07\/mail_avance_tiquete.zip&#8221; button_url_new_window=&#8221;1&#8243; title_background_bgcolor=&#8221;#8a2472&#8243; title_background_use_gradient=&#8221;on&#8221; title_background_color_gradient_1=&#8221;#8a2472&#8243; title_background_color_gradient_2=&#8221;#2e3359&#8243; module_link_url_new_window=&#8221;1&#8243; _builder_version=&#8221;4.27.4&#8243; _module_preset=&#8221;default&#8221; title_font=&#8221;||||||||&#8221; title_text_align=&#8221;center&#8221; custom_button=&#8221;on&#8221; button_text_size=&#8221;14px&#8221; button_text_color=&#8221;#8a2472&#8243; button_bg_color=&#8221;#fddb00&#8243; button_border_width=&#8221;0px&#8221; button_border_radius=&#8221;3px&#8221; button_font=&#8221;|&#8211;et_global_body_font_weight|||||||&#8221; button_use_icon=&#8221;off&#8221; global_colors_info=&#8221;{}&#8221;][\/dizo_image_hover][\/et_pb_column][et_pb_column type=&#8221;1_3&#8243; _builder_version=&#8221;4.27.4&#8243; _module_preset=&#8221;default&#8221; global_colors_info=&#8221;{}&#8221;][dizo_image_hover image=&#8221;https:\/\/jvvziin.com\/wp-content\/uploads\/2025\/07\/ms4.png&#8221; effect_style=&#8221;classic&#8221; classic_style=&#8221;dzhvr-fade-in-down&#8221; t_prefix=&#8221;Mail Colombia Boletin para Corporaciones&#8221; button_text=&#8221;Descargar HTML&#8221; button_url=&#8221;https:\/\/jvvziin.com\/wp-content\/uploads\/2025\/07\/mailing_boletin-enero-co_24-1-23.zip&#8221; button_url_new_window=&#8221;1&#8243; title_background_bgcolor=&#8221;#8a2472&#8243; title_background_use_gradient=&#8221;on&#8221; title_background_color_gradient_1=&#8221;#8a2472&#8243; title_background_color_gradient_2=&#8221;#2e3359&#8243; module_link_url_new_window=&#8221;1&#8243; _builder_version=&#8221;4.27.4&#8243; _module_preset=&#8221;default&#8221; title_font=&#8221;||||||||&#8221; title_text_align=&#8221;center&#8221; custom_button=&#8221;on&#8221; button_text_size=&#8221;14px&#8221; button_text_color=&#8221;#8a2472&#8243; button_bg_color=&#8221;#fddb00&#8243; button_border_width=&#8221;0px&#8221; button_border_radius=&#8221;3px&#8221; button_font=&#8221;|&#8211;et_global_body_font_weight|||||||&#8221; button_use_icon=&#8221;off&#8221; global_colors_info=&#8221;{}&#8221;][\/dizo_image_hover][\/et_pb_column][\/et_pb_row][\/et_pb_section][et_pb_section fb_built=&#8221;1&#8243; fullwidth=&#8221;on&#8221; admin_label=&#8221;CTA&#8221; _builder_version=&#8221;4.27.4&#8243; background_enable_color=&#8221;off&#8221; use_background_color_gradient=&#8221;on&#8221; background_color_gradient_stops=&#8221;#8a2472 0%|#2e3359 100%&#8221; background_image=&#8221;https:\/\/jvvziin.com\/wp-content\/uploads\/2020\/12\/web-dev-05.png&#8221; parallax=&#8221;on&#8221; global_colors_info=&#8221;{}&#8221;][et_pb_fullwidth_header title=&#8221;Gracias por la Visita!&#8221; text_orientation=&#8221;center&#8221; button_one_text=&#8221;Volver al Portafolio Gtd&#8221; button_one_url=&#8221;https:\/\/jvvziin.com\/index.php\/portafolio_gtd_2025\/&#8221; button_two_text=&#8221;Subir&#8221; button_two_url=&#8221;#arriba&#8221; _builder_version=&#8221;4.27.4&#8243; title_font=&#8221;Lato|900|||||||&#8221; title_font_size=&#8221;40px&#8221; title_line_height=&#8221;1.5em&#8221; content_font=&#8221;||||||||&#8221; content_font_size=&#8221;16px&#8221; content_line_height=&#8221;2em&#8221; subhead_font=&#8221;|700||on|||||&#8221; subhead_text_color=&#8221;rgba(255,255,255,0.5)&#8221; subhead_font_size=&#8221;14px&#8221; subhead_letter_spacing=&#8221;2px&#8221; background_color=&#8221;rgba(0,0,0,0)&#8221; custom_button_one=&#8221;on&#8221; button_one_text_size=&#8221;14px&#8221; button_one_text_color=&#8221;#8a2472&#8243; button_one_bg_color=&#8221;#fddb00&#8243; button_one_border_width=&#8221;14px&#8221; button_one_border_color=&#8221;rgba(0,0,0,0)&#8221; button_one_border_radius=&#8221;0px&#8221; button_one_letter_spacing=&#8221;2px&#8221; button_one_font=&#8221;|600||on|||||&#8221; button_one_icon=&#8221;&#x38;||divi||400&#8243; button_one_on_hover=&#8221;off&#8221; custom_button_two=&#8221;on&#8221; button_two_text_size=&#8221;14px&#8221; button_two_text_color=&#8221;#fddb00&#8243; button_two_bg_color=&#8221;rgba(255,255,255,0)&#8221; button_two_border_width=&#8221;12px&#8221; button_two_border_color=&#8221;rgba(0,0,0,0)&#8221; button_two_border_radius=&#8221;0px&#8221; button_two_letter_spacing=&#8221;2px&#8221; button_two_font=&#8221;|600||on|||||&#8221; button_two_icon=&#8221;&#x36;||divi||400&#8243; button_two_on_hover=&#8221;off&#8221; custom_margin=&#8221;|||&#8221; custom_padding=&#8221;5vw||||false|&#8221; animation_style=&#8221;zoom&#8221; animation_intensity_zoom=&#8221;-5%&#8221; title_font_size_tablet=&#8221;&#8221; title_font_size_phone=&#8221;25px&#8221; title_font_size_last_edited=&#8221;on|desktop&#8221; box_shadow_style_button_two=&#8221;preset1&#8243; box_shadow_vertical_button_two=&#8221;0px&#8221; box_shadow_blur_button_two=&#8221;0px&#8221; box_shadow_spread_button_two=&#8221;2px&#8221; box_shadow_color_button_two=&#8221;#ffffff&#8221; button_one_letter_spacing_hover=&#8221;2px&#8221; button_two_letter_spacing_hover=&#8221;2px&#8221; locked=&#8221;off&#8221; global_colors_info=&#8221;{}&#8221; button_one_text_size__hover_enabled=&#8221;off&#8221; button_two_text_size__hover_enabled=&#8221;off&#8221; button_one_text_color__hover_enabled=&#8221;off&#8221; button_two_text_color__hover_enabled=&#8221;off&#8221; button_one_border_width__hover_enabled=&#8221;off&#8221; button_two_border_width__hover_enabled=&#8221;off&#8221; button_one_border_color__hover_enabled=&#8221;off&#8221; button_two_border_color__hover_enabled=&#8221;off&#8221; button_one_border_radius__hover_enabled=&#8221;off&#8221; button_two_border_radius__hover_enabled=&#8221;off&#8221; button_one_letter_spacing__hover_enabled=&#8221;on&#8221; button_one_letter_spacing__hover=&#8221;2px&#8221; button_two_letter_spacing__hover_enabled=&#8221;on&#8221; button_two_letter_spacing__hover=&#8221;2px&#8221; button_one_bg_color__hover_enabled=&#8221;off&#8221; button_two_bg_color__hover_enabled=&#8221;off&#8221;][\/et_pb_fullwidth_header][\/et_pb_section]<\/p>\n","protected":false},"excerpt":{"rendered":"<p>Aqu\u00ed se encuentra una peque\u00f1isima parte de los banners y mailings que realis\u00e9 para para Gtd, la idea es que estos funcionen como ejemplo de mi trabajo y no como una muestra total de lo que hice. &nbsp;banners En su totalidad poseo m\u00e1s de 100 banners creados a lo largo de estos a\u00f1os, aqu\u00ed muestro [&hellip;]<\/p>\n","protected":false},"author":1,"featured_media":0,"parent":0,"menu_order":0,"comment_status":"closed","ping_status":"closed","template":"","meta":{"_et_pb_use_builder":"on","_et_pb_old_content":"","_et_gb_content_width":"","footnotes":""},"class_list":["post-103149","page","type-page","status-publish","hentry"],"_links":{"self":[{"href":"https:\/\/jvvziin.com\/index.php\/wp-json\/wp\/v2\/pages\/103149","targetHints":{"allow":["GET"]}}],"collection":[{"href":"https:\/\/jvvziin.com\/index.php\/wp-json\/wp\/v2\/pages"}],"about":[{"href":"https:\/\/jvvziin.com\/index.php\/wp-json\/wp\/v2\/types\/page"}],"author":[{"embeddable":true,"href":"https:\/\/jvvziin.com\/index.php\/wp-json\/wp\/v2\/users\/1"}],"replies":[{"embeddable":true,"href":"https:\/\/jvvziin.com\/index.php\/wp-json\/wp\/v2\/comments?post=103149"}],"version-history":[{"count":13,"href":"https:\/\/jvvziin.com\/index.php\/wp-json\/wp\/v2\/pages\/103149\/revisions"}],"predecessor-version":[{"id":103216,"href":"https:\/\/jvvziin.com\/index.php\/wp-json\/wp\/v2\/pages\/103149\/revisions\/103216"}],"wp:attachment":[{"href":"https:\/\/jvvziin.com\/index.php\/wp-json\/wp\/v2\/media?parent=103149"}],"curies":[{"name":"wp","href":"https:\/\/api.w.org\/{rel}","templated":true}]}}